{"id":779,"date":"2022-03-28T17:32:18","date_gmt":"2022-03-28T17:32:18","guid":{"rendered":"https:\/\/gestioresponsable.coop\/?page_id=779"},"modified":"2022-03-28T18:16:43","modified_gmt":"2022-03-28T18:16:43","slug":"politica-de-galetes","status":"publish","type":"page","link":"https:\/\/gestioresponsable.coop\/es\/politica-de-galetes","title":{"rendered":"Pol\u00edtica de cookies"},"content":{"rendered":"<div data-elementor-type=\"wp-page\" data-elementor-id=\"779\" class=\"elementor elementor-779\" data-elementor-post-type=\"page\">\n\t\t\t\t\t\t<section class=\"elementor-section elementor-top-section elementor-element elementor-element-d370bba elementor-section-content-middle elementor-section-boxed elementor-section-height-default elementor-section-height-default\" data-id=\"d370bba\" data-element_type=\"section\" data-settings=\"{&quot;background_background&quot;:&quot;classic&quot;,&quot;shape_divider_bottom&quot;:&quot;triangle-asymmetrical&quot;,&quot;shape_divider_bottom_negative&quot;:&quot;yes&quot;}\">\n\t\t\t\t\t<div class=\"elementor-shape elementor-shape-bottom\" aria-hidden=\"true\" data-negative=\"true\">\n\t\t\t<svg xmlns=\"http:\/\/www.w3.org\/2000\/svg\" viewbox=\"0 0 1000 100\" preserveaspectratio=\"none\">\n\t<path class=\"elementor-shape-fill\" d=\"M737.9,94.7L0,0v100h1000V0L737.9,94.7z\"\/>\n<\/svg>\t\t<\/div>\n\t\t\t\t\t<div class=\"elementor-container elementor-column-gap-no\">\n\t\t\t\t\t<div class=\"elementor-column elementor-col-100 elementor-top-column elementor-element elementor-element-1ecfb49\" data-id=\"1ecfb49\" data-element_type=\"column\">\n\t\t\t<div class=\"elementor-widget-wrap elementor-element-populated\">\n\t\t\t\t\t\t<div class=\"elementor-element elementor-element-ee6aea4 elementor-widget elementor-widget-heading\" data-id=\"ee6aea4\" data-element_type=\"widget\" data-widget_type=\"heading.default\">\n\t\t\t\t<div class=\"elementor-widget-container\">\n\t\t\t\t\t<h2 class=\"elementor-heading-title elementor-size-default\">POL\u00cdTICA DE COOKIES<\/h2>\t\t\t\t<\/div>\n\t\t\t\t<\/div>\n\t\t\t\t\t<\/div>\n\t\t<\/div>\n\t\t\t\t\t<\/div>\n\t\t<\/section>\n\t\t\t\t<section class=\"elementor-section elementor-top-section elementor-element elementor-element-856001e elementor-section-boxed elementor-section-height-default elementor-section-height-default\" data-id=\"856001e\" data-element_type=\"section\">\n\t\t\t\t\t\t<div class=\"elementor-container elementor-column-gap-default\">\n\t\t\t\t\t<div class=\"elementor-column elementor-col-100 elementor-top-column elementor-element elementor-element-62fd2cf\" data-id=\"62fd2cf\" data-element_type=\"column\">\n\t\t\t<div class=\"elementor-widget-wrap elementor-element-populated\">\n\t\t\t\t\t\t<div class=\"elementor-element elementor-element-ea34653 elementor-widget elementor-widget-text-editor\" data-id=\"ea34653\" data-element_type=\"widget\" data-widget_type=\"text-editor.default\">\n\t\t\t\t<div class=\"elementor-widget-container\">\n\t\t\t\t\t\t\t\t\t<p>Pol\u00edtica de cookies<br>En aquesta web s&#8217;utilitzen galetes de tercers i pr\u00f2pies per aconseguir que tinguis una millor experi\u00e8ncia de navegaci\u00f3, puguis compartir contingut a les xarxes socials i perqu\u00e8 puguem obtenir estad\u00edstiques dels usuaris.<\/p>\n<p>Pots evitar la desc\u00e0rrega de cookies a trav\u00e9s de la configuraci\u00f3 del teu navegador, evitant que les cookies s&#8217;emmagatzemin al dispositiu.<\/p>\n<p>Com a propietari d&#8217;aquest lloc web, us comunico que no utilitzem cap informaci\u00f3 personal procedent de cookies, nom\u00e9s realitzem estad\u00edstiques generals de visites que no suposen cap informaci\u00f3 personal.<\/p>\n<p>\u00c9s molt important que llegeixis aquesta pol\u00edtica de cookies i comprenguis que, si continues navegant, considerarem que n&#8217;acceptes l&#8217;\u00fas.<\/p>\n<p>Segons els termes inclosos a l&#8217;article 22.2 de la Llei 34\/2002 de Serveis de la Societat de la Informaci\u00f3 i Comer\u00e7 Electr\u00f2nic, si continues navegant, estar\u00e0s prestant el teu consentiment per a l&#8217;\u00fas dels mecanismes esmentats.<\/p>\n<p>Entitat Responsable<br>L&#8217;entitat responsable de la recollida, processament i utilitzaci\u00f3 de les teves dades personals, en el sentit establert per la Llei de Protecci\u00f3 de Dades Personals, \u00e9s la p\u00e0gina Gesti\u00f3 Responsable, propietat de Gesti\u00f3 Responsable \u2013 Av. Costa Brava, 11, local, 08214 Badia del Vall\u00e8s, Barcelona.<\/p>\n<p>Qu\u00e8 s\u00f3n les galetes?<br>Les galetes s\u00f3n un conjunt de dades que un servidor diposita al navegador de l&#8217;usuari per recollir la informaci\u00f3 de registre est\u00e0ndard d&#8217;Internet i la informaci\u00f3 del comportament dels visitants en un lloc web. \u00c9s a dir, es tracta de petits fitxers de text que queden emmagatzemats al disc dur de l&#8217;ordinador i que serveixen per identificar l&#8217;usuari quan es connecta novament al lloc web. L&#8217;objectiu \u00e9s registrar la visita de l&#8217;usuari i desar certa informaci\u00f3. El seu \u00fas \u00e9s com\u00fa i freq\u00fcent a la web ja que permet a les p\u00e0gines funcionar de manera m\u00e9s eficient i aconseguir m\u00e9s personalitzaci\u00f3 i an\u00e0lisi sobre el comportament de l&#8217;usuari.<\/p>\n<p>Quins tipus de galetes hi ha?<br>Les cookies utilitzades al nostre lloc web, s\u00f3n de sessi\u00f3 i de tercers, i ens permeten emmagatzemar i accedir a informaci\u00f3 relativa a l&#8217;idioma, el tipus de navegador utilitzat i altres caracter\u00edstiques generals predefinides per l&#8217;usuari, aix\u00ed com seguir i analitzar l&#8217;activitat que duu a terme, per tal d&#8217;introduir millores i prestar els nostres serveis d&#8217;una manera m\u00e9s eficient i personalitzada.<\/p>\n<p>Les cookies, en funci\u00f3 de la seva perman\u00e8ncia, es poden dividir en cookies de sessi\u00f3 o permanents. Les que expiren quan l&#8217;usuari tanca el navegador. Les que expiren en funci\u00f3 de quan es compleixi l&#8217;objectiu per al que serveixen (per exemple, perqu\u00e8 l&#8217;usuari es mantingui identificat als serveis de Gesti\u00f3 Responsable) o b\u00e9 quan s&#8217;esborren manualment.<\/p>\n<p>Nom Tipus Caducitat Finalitat Classe<br>__utma De Terceros (Google Analytics) 2 anys S&#8217;usa per distingir usuaris i sessions. No Exempta<br>__utmb De Tercers (Google Analytics) 30 minuts S&#8217;usa per determinar noves sessions o visites No Exempta<br>__utmc De Tercers (Google Analytics) En finalitzar la sessi\u00f3 Es configura per al seu \u00fas amb Urchin No Exenta<br>__utmz De Terceros (Google Analytics) 6 mesos Emmagatzema l&#8217;origen o la campanya que explica com l&#8217;usuari ha arribat fins a la p\u00e0gina web No Exempta<br>Addicionalment, en funci\u00f3 del seu objectiu, les cookies poden classificar-se de la manera seg\u00fcent:<\/p>\n<p>Galetes de rendiment<br>Aquest tipus de galeta recorda les seves prefer\u00e8ncies per a les eines que es troben als serveis, per la qual cosa no ha de tornar a configurar el servei cada vegada que visiteu. A tall d&#8217;exemple, en aquesta tipologia s&#8217;inclouen: Configuraci\u00f3 de volum de reproductors de v\u00eddeo o so. Les velocitats de transmissi\u00f3 de v\u00eddeo que siguin compatibles amb el vostre navegador. Els objectes guardats al \u201ccarret de la compra\u201d als serveis d&#8217;e-commerce com ara botigues.<\/p>\n<p>Galetes de geo-localitzaci\u00f3<br>Aquestes cookies s\u00f3n utilitzades per esbrinar a quin pa\u00eds es troba quan se sol\u00b7licita un servei. Aquesta galeta \u00e9s totalment an\u00f2nima, i nom\u00e9s s&#8217;utilitza per ajudar a orientar el contingut a la vostra ubicaci\u00f3.<\/p>\n<p>Galetes de registre<br>Les galetes de registre es generen una vegada que l&#8217;usuari s&#8217;ha registrat o posteriorment ha obert la sessi\u00f3, i s&#8217;utilitzen per identificar-lo als serveis amb els objectius seg\u00fcents:<\/p>\n<p>Mantenir l&#8217;usuari identificat de manera que, si tanqueu un servei, el navegador o l&#8217;ordinador i en un altre moment o un altre dia torneu a entrar en aquest servei, seguireu identificat, facilitant aix\u00ed la vostra navegaci\u00f3 sense haver de tornar a identificar-vos. Aquesta funcionalitat es pot suprimir si l&#8217;usuari prem la funcionalitat [tancar sessi\u00f3], de manera que aquesta galeta s&#8217;elimina i la propera vegada que entri al servei l&#8217;usuari haur\u00e0 d&#8217;iniciar sessi\u00f3 per estar identificat.<\/p>\n<p>Comproveu si l&#8217;usuari est\u00e0 autoritzat per accedir a certs serveis, per exemple, per participar en un concurs.<\/p>\n<p>Addicionalment, alguns serveis poden utilitzar connectors&nbsp;amb xarxes socials com Facebook o Twitter. Quan l&#8217;usuari es registra en un servei amb credencials d&#8217;una xarxa social, autoritza la xarxa social a desar una galeta persistent que recorda la seva identitat i li garanteix acc\u00e9s als serveis fins que expira. L&#8217;usuari pot esborrar aquesta galeta i revocar l&#8217;acc\u00e9s als serveis mitjan\u00e7ant xarxes socials actualitzant les prefer\u00e8ncies a la xarxa social que espec\u00edfica.<\/p>\n<p>Galetes d&#8217;anal\u00edtiques<br>Cada vegada que un usuari visita un servei, una eina d&#8217;un prove\u00efdor extern genera una galeta anal\u00edtica a l&#8217;ordinador de l&#8217;usuari. Aquesta galeta que nom\u00e9s es genera a la visita, servir\u00e0 en properes visites als serveis de Gesti\u00f3 Responsable per identificar de forma an\u00f2nima el visitant. Els objectius principals que es persegueixen s\u00f3n:<\/p>\n<p>Permetre la identificaci\u00f3 an\u00f2nima dels usuaris navegants a trav\u00e9s de la galeta (identifica navegadors i dispositius, no persones) i, per tant, la comptabilitzaci\u00f3 aproximada del nombre de visitants i la seva tend\u00e8ncia en el temps.<br>Identificar de forma an\u00f2nima els continguts m\u00e9s visitats i per tant m\u00e9s atractius per als usuaris. Saber si l&#8217;usuari que est\u00e0 accedint \u00e9s nou o repeteix visita.<\/p>\n<p>Important: Llevat que l&#8217;usuari decideixi registrar-se en un servei de Gesti\u00f3 Responsable, la galeta mai no anir\u00e0 associada a cap dada de car\u00e0cter personal que pugui identificar-lo. Aquestes galetes nom\u00e9s seran utilitzades amb prop\u00f2sits estad\u00edstics que ajudin a l&#8217;optimitzaci\u00f3 de l&#8217;experi\u00e8ncia dels usuaris al lloc.<\/p>\n<p>Galetes de publicitat<br>Aquest tipus de cookies permeten ampliar la informaci\u00f3 dels anuncis mostrats a cada usuari an\u00f2nim als serveis de Gesti\u00f3 Responsable. Entre altres, s&#8217;emmagatzema la durada o la freq\u00fc\u00e8ncia de visualitzaci\u00f3 de posicions publicit\u00e0ries, la interacci\u00f3 amb aquestes, o els patrons de navegaci\u00f3 i\/o comportaments de l&#8217;usuari ja que ajuden a conformar un perfil d&#8217;inter\u00e8s publicitari. D&#8217;aquesta manera permeten oferir publicitat af\u00ed als interessos de l&#8217;usuari.<\/p>\n<p>Galetes publicit\u00e0ries de tercers<br>A m\u00e9s de la publicitat gestionada pels webs de Gesti\u00f3 Responsable als seus serveis, els webs de Gesti\u00f3 Responsable ofereixen als seus anunciants l&#8217;opci\u00f3 de servir anuncis a trav\u00e9s de tercers (\u201cAd-Servers\u201d). D&#8217;aquesta manera, aquests tercers poden emmagatzemar cookies enviades des dels serveis de Gesti\u00f3 Responsable procedents dels navegadors dels usuaris, aix\u00ed com accedir a les dades que s&#8217;hi guarden.<\/p>\n<p>Les empreses que generen aquestes cookies tenen les seves pr\u00f2pies pol\u00edtiques de privadesa. Actualment, les webs de Gesti\u00f3 Responsable utilitzen la plataforma Doubleclick (Google) per gestionar aquests serveis. Per a m\u00e9s informaci\u00f3, aneu a<\/p>\n<p>http:\/\/www.google.es\/policies\/privacy\/ads\/#toc-doubleclick ia http:\/\/www.google.es\/policies\/privacy\/ads\/.<\/p>\n<p>Com puc deshabilitar les galetes al meu navegador?<br>Es poden configurar els diferents navegadors per avisar l&#8217;usuari de la recepci\u00f3 de cookies i, si es vol, impedir-ne la instal\u00b7laci\u00f3 a l&#8217;equip. Aix\u00ed mateix, l&#8217;usuari pot revisar al seu navegador quines galetes t\u00e9 instal\u00b7lades i quin \u00e9s el termini de caducitat de les mateixes, podent eliminar-les.<\/p>\n<p>Per ampliar aquesta informaci\u00f3 consulteu les instruccions i manuals del vostre navegador:<\/p>\n<p>Per a m\u00e9s informaci\u00f3 sobre l&#8217;administraci\u00f3 de les galetes a Google Chrome: https:\/\/support.google.com\/chrome\/answer\/95647?hl=ca<\/p>\n<p>Per a m\u00e9s informaci\u00f3 sobre l&#8217;administraci\u00f3 de les cookies a Internet Explorer: http:\/\/windows.microsoft.com\/es-es\/windows-vista\/cookies-frequently-asked-questions<\/p>\n<p>Per a m\u00e9s informaci\u00f3 sobre l&#8217;administraci\u00f3 de les cookies a Mozilla Firefox: http:\/\/support.mozilla.org\/es\/kb\/habilitar-y-deshabilitar-cookies-que-los-sitios-we<\/p>\n<p>Per a m\u00e9s informaci\u00f3 sobre l&#8217;administraci\u00f3 de les cookies a Safari: http:\/\/www.apple.com\/es\/privacy\/use-of-cookies\/<\/p>\n<p>Per a m\u00e9s informaci\u00f3 sobre l&#8217;administraci\u00f3 de les cookies a Opera: http:\/\/help.opera.com\/Windows\/11.50\/es-ES\/cookies.html<\/p>\n<p>Si voleu deixar de ser seguit per Google Analytics visiteu: http:\/\/tools.google.com\/dlpage\/gaoptout<\/p>\n<p>Per saber m\u00e9s sobre les cookies<br>Podeu obtenir m\u00e9s informaci\u00f3 sobre la publicitat en l\u00ednia basada en el comportament i la privadesa en l\u00ednia al seg\u00fcent enlla\u00e7: http:\/\/www.youronlinechoices.com\/es\/<\/p>\n<p>Protecci\u00f3 de dades de Google Analytics: http:\/\/www.google.com\/analytics\/learn\/privacy.html<\/p>\n<p>Com utilitza Google Analytics les cookies: https:\/\/developers.google.com\/analytics\/devguides\/collection\/analyticsjs\/cookie-usage?hl=ca#analyticsjs<\/p>\n<p>Actualitzacions i canvis en la pol\u00edtica de privadesa\/cookies<br>Les webs de Gesti\u00f3 Responsable poden modificar aquesta Pol\u00edtica de Cookies en funci\u00f3 d&#8217;exig\u00e8ncies legislatives, reglament\u00e0ries, o amb la finalitat d&#8217;adaptar aquesta pol\u00edtica a les instruccions dictades per l&#8217;Ag\u00e8ncia Espanyola de Protecci\u00f3 de Dades, per aix\u00f2 s&#8217;aconsella als usuaris que la visitin peri\u00f2dicament.<\/p>\n<p>Quan es produeixin canvis significatius en aquesta Pol\u00edtica de Cookies, aquests es comunicaran als usuaris b\u00e9 mitjan\u00e7ant la web o a trav\u00e9s de correu electr\u00f2nic als usuaris registrats.<\/p>\t\t\t\t\t\t\t\t<\/div>\n\t\t\t\t<\/div>\n\t\t\t\t\t<\/div>\n\t\t<\/div>\n\t\t\t\t\t<\/div>\n\t\t<\/section>\n\t\t\t\t<\/div>","protected":false},"excerpt":{"rendered":"<p>POL\u00cdTICA DE GALETES Pol\u00edtica de galetesEn aquesta web s&#8217;utilitzen galetes de tercers i pr\u00f2pies per aconseguir que tinguis una millor experi\u00e8ncia de navegaci\u00f3, puguis compartir contingut a les xarxes socials i perqu\u00e8 puguem obtenir estad\u00edstiques dels usuaris. Pots evitar la desc\u00e0rrega de cookies a trav\u00e9s de la configuraci\u00f3 del teu navegador, evitant que les cookies &#8230; <a title=\"Pol\u00edtica de cookies\" class=\"read-more\" href=\"https:\/\/gestioresponsable.coop\/es\/politica-de-galetes\" aria-label=\"M\u00e1s en Pol\u00edtica de galetes\">Leer m\u00e1s<\/a><\/p>","protected":false},"author":1,"featured_media":0,"parent":0,"menu_order":0,"comment_status":"closed","ping_status":"closed","template":"elementor_header_footer","meta":{"footnotes":""},"class_list":["post-779","page","type-page","status-publish"],"_links":{"self":[{"href":"https:\/\/gestioresponsable.coop\/es\/wp-json\/wp\/v2\/pages\/779","targetHints":{"allow":["GET"]}}],"collection":[{"href":"https:\/\/gestioresponsable.coop\/es\/wp-json\/wp\/v2\/pages"}],"about":[{"href":"https:\/\/gestioresponsable.coop\/es\/wp-json\/wp\/v2\/types\/page"}],"author":[{"embeddable":true,"href":"https:\/\/gestioresponsable.coop\/es\/wp-json\/wp\/v2\/users\/1"}],"replies":[{"embeddable":true,"href":"https:\/\/gestioresponsable.coop\/es\/wp-json\/wp\/v2\/comments?post=779"}],"version-history":[{"count":8,"href":"https:\/\/gestioresponsable.coop\/es\/wp-json\/wp\/v2\/pages\/779\/revisions"}],"predecessor-version":[{"id":800,"href":"https:\/\/gestioresponsable.coop\/es\/wp-json\/wp\/v2\/pages\/779\/revisions\/800"}],"wp:attachment":[{"href":"https:\/\/gestioresponsable.coop\/es\/wp-json\/wp\/v2\/media?parent=779"}],"curies":[{"name":"wp","href":"https:\/\/api.w.org\/{rel}","templated":true}]}}