{"id":316,"date":"2022-02-04T17:23:53","date_gmt":"2022-02-04T17:23:53","guid":{"rendered":"https:\/\/gestioresponsable.coop\/?page_id=316"},"modified":"2022-03-29T18:49:59","modified_gmt":"2022-03-29T18:49:59","slug":"qui-som","status":"publish","type":"page","link":"https:\/\/gestioresponsable.coop\/es\/qui-som","title":{"rendered":"Qui\u00e9nes somos"},"content":{"rendered":"<div data-elementor-type=\"wp-page\" data-elementor-id=\"316\" class=\"elementor elementor-316\" data-elementor-post-type=\"page\">\n\t\t\t\t\t\t<section class=\"elementor-section elementor-top-section elementor-element elementor-element-3920ce4 elementor-section-content-middle elementor-section-boxed elementor-section-height-default elementor-section-height-default\" data-id=\"3920ce4\" data-element_type=\"section\" data-settings=\"{&quot;background_background&quot;:&quot;classic&quot;,&quot;shape_divider_bottom&quot;:&quot;triangle-asymmetrical&quot;,&quot;shape_divider_bottom_negative&quot;:&quot;yes&quot;}\">\n\t\t\t\t\t\t\t<div class=\"elementor-background-overlay\"><\/div>\n\t\t\t\t\t\t<div class=\"elementor-shape elementor-shape-bottom\" aria-hidden=\"true\" data-negative=\"true\">\n\t\t\t<svg xmlns=\"http:\/\/www.w3.org\/2000\/svg\" viewbox=\"0 0 1000 100\" preserveaspectratio=\"none\">\n\t<path class=\"elementor-shape-fill\" d=\"M737.9,94.7L0,0v100h1000V0L737.9,94.7z\"\/>\n<\/svg>\t\t<\/div>\n\t\t\t\t\t<div class=\"elementor-container elementor-column-gap-no\">\n\t\t\t\t\t<div class=\"elementor-column elementor-col-100 elementor-top-column elementor-element elementor-element-688bed0\" data-id=\"688bed0\" data-element_type=\"column\">\n\t\t\t<div class=\"elementor-widget-wrap elementor-element-populated\">\n\t\t\t\t\t\t<div class=\"elementor-element elementor-element-e05f076 elementor-widget elementor-widget-heading\" data-id=\"e05f076\" data-element_type=\"widget\" data-widget_type=\"heading.default\">\n\t\t\t\t<div class=\"elementor-widget-container\">\n\t\t\t\t\t<h1 class=\"elementor-heading-title elementor-size-default\">Misi\u00f3n, visi\u00f3n y valores<\/h1>\t\t\t\t<\/div>\n\t\t\t\t<\/div>\n\t\t\t\t\t<\/div>\n\t\t<\/div>\n\t\t\t\t\t<\/div>\n\t\t<\/section>\n\t\t\t\t<section class=\"elementor-section elementor-top-section elementor-element elementor-element-ff944f0 elementor-reverse-mobile elementor-section-boxed elementor-section-height-default elementor-section-height-default\" data-id=\"ff944f0\" data-element_type=\"section\">\n\t\t\t\t\t\t<div class=\"elementor-container elementor-column-gap-default\">\n\t\t\t\t\t<div class=\"elementor-column elementor-col-50 elementor-top-column elementor-element elementor-element-3d9ef1c animated-fast elementor-invisible\" data-id=\"3d9ef1c\" data-element_type=\"column\" data-settings=\"{&quot;animation&quot;:&quot;fadeIn&quot;}\">\n\t\t\t<div class=\"elementor-widget-wrap elementor-element-populated\">\n\t\t\t\t\t\t<div class=\"elementor-element elementor-element-b68522e animated-slow elementor-invisible elementor-widget elementor-widget-image\" data-id=\"b68522e\" data-element_type=\"widget\" data-settings=\"{&quot;_animation&quot;:&quot;fadeIn&quot;}\" data-widget_type=\"image.default\">\n\t\t\t\t<div class=\"elementor-widget-container\">\n\t\t\t\t\t\t\t\t\t\t\t\t\t\t\t<img fetchpriority=\"high\" decoding=\"async\" width=\"520\" height=\"390\" src=\"https:\/\/gestioresponsable.coop\/wp-content\/uploads\/2022\/03\/qui-som-missio.jpg\" class=\"attachment-full size-full wp-image-696\" alt=\"\" srcset=\"https:\/\/gestioresponsable.coop\/wp-content\/uploads\/2022\/03\/qui-som-missio.jpg 520w, https:\/\/gestioresponsable.coop\/wp-content\/uploads\/2022\/03\/qui-som-missio-300x225.jpg 300w, https:\/\/gestioresponsable.coop\/wp-content\/uploads\/2022\/03\/qui-som-missio-16x12.jpg 16w\" sizes=\"(max-width: 520px) 100vw, 520px\" \/>\t\t\t\t\t\t\t\t\t\t\t\t\t\t\t<\/div>\n\t\t\t\t<\/div>\n\t\t\t\t\t<\/div>\n\t\t<\/div>\n\t\t\t\t<div class=\"elementor-column elementor-col-50 elementor-top-column elementor-element elementor-element-f6d8def\" data-id=\"f6d8def\" data-element_type=\"column\">\n\t\t\t<div class=\"elementor-widget-wrap elementor-element-populated\">\n\t\t\t\t\t\t<div class=\"elementor-element elementor-element-3b9db2f animated-fast elementor-invisible elementor-widget elementor-widget-heading\" data-id=\"3b9db2f\" data-element_type=\"widget\" data-settings=\"{&quot;_animation&quot;:&quot;fadeInUp&quot;}\" data-widget_type=\"heading.default\">\n\t\t\t\t<div class=\"elementor-widget-container\">\n\t\t\t\t\t<h2 class=\"elementor-heading-title elementor-size-default\">Misi\u00f3n<\/h2>\t\t\t\t<\/div>\n\t\t\t\t<\/div>\n\t\t\t\t<div class=\"elementor-element elementor-element-fc05726 elementor-invisible elementor-widget elementor-widget-text-editor\" data-id=\"fc05726\" data-element_type=\"widget\" data-settings=\"{&quot;_animation&quot;:&quot;fadeInUp&quot;,&quot;_animation_delay&quot;:400}\" data-widget_type=\"text-editor.default\">\n\t\t\t\t<div class=\"elementor-widget-container\">\n\t\t\t\t\t\t\t\t\t<p>La Gesti\u00f3 Responsable nace en 2014 con una vocaci\u00f3n clara de ofrecer servicios profesional desde la Econom\u00eda Social y Solidaria y con el objetivo de que estos servicios sean accesibles a todo el mundo independientemente de la situaci\u00f3n personal. El objetivo es ofrecer nuestros servicios con valores a\u00f1adidos como la solidaridad, la igualdad y la honestidad. As\u00ed como hacer que el modelo cooperativo se consolide en nuestro territorio y fomentar la autoorganizaci\u00f3n laboral con apoyo a proyectos horizontales y respeto a los valores del cooperativismo, la democracia y el cuidado del medio ambiente.<\/p>\t\t\t\t\t\t\t\t<\/div>\n\t\t\t\t<\/div>\n\t\t\t\t\t<\/div>\n\t\t<\/div>\n\t\t\t\t\t<\/div>\n\t\t<\/section>\n\t\t\t\t<section class=\"elementor-section elementor-top-section elementor-element elementor-element-fbdd4fc elementor-section-boxed elementor-section-height-default elementor-section-height-default\" data-id=\"fbdd4fc\" data-element_type=\"section\" data-settings=\"{&quot;background_background&quot;:&quot;classic&quot;}\">\n\t\t\t\t\t\t<div class=\"elementor-container elementor-column-gap-default\">\n\t\t\t\t\t<div class=\"elementor-column elementor-col-50 elementor-top-column elementor-element elementor-element-7e2ee3e\" data-id=\"7e2ee3e\" data-element_type=\"column\">\n\t\t\t<div class=\"elementor-widget-wrap elementor-element-populated\">\n\t\t\t\t\t\t<div class=\"elementor-element elementor-element-3c63c8e animated-fast elementor-invisible elementor-widget elementor-widget-heading\" data-id=\"3c63c8e\" data-element_type=\"widget\" data-settings=\"{&quot;_animation&quot;:&quot;fadeInUp&quot;}\" data-widget_type=\"heading.default\">\n\t\t\t\t<div class=\"elementor-widget-container\">\n\t\t\t\t\t<h2 class=\"elementor-heading-title elementor-size-default\">Visi\u00f3n<\/h2>\t\t\t\t<\/div>\n\t\t\t\t<\/div>\n\t\t\t\t<div class=\"elementor-element elementor-element-7c6f547 elementor-invisible elementor-widget elementor-widget-text-editor\" data-id=\"7c6f547\" data-element_type=\"widget\" data-settings=\"{&quot;_animation&quot;:&quot;fadeInUp&quot;,&quot;_animation_delay&quot;:400}\" data-widget_type=\"text-editor.default\">\n\t\t\t\t<div class=\"elementor-widget-container\">\n\t\t\t\t\t\t\t\t\t<p>Apostar por un modelo de relaciones laborales democr\u00e1tico, transparente y participativo queriendo ser un agente impulsor de transformaci\u00f3n econ\u00f3mica y social a nivel local y comarcal, potenciando el cooperativismo y los valores que representa y buscando complicidad en el territorio para conseguirlo.<\/p>\t\t\t\t\t\t\t\t<\/div>\n\t\t\t\t<\/div>\n\t\t\t\t\t<\/div>\n\t\t<\/div>\n\t\t\t\t<div class=\"elementor-column elementor-col-50 elementor-top-column elementor-element elementor-element-b831c4f\" data-id=\"b831c4f\" data-element_type=\"column\">\n\t\t\t<div class=\"elementor-widget-wrap elementor-element-populated\">\n\t\t\t\t\t\t<div class=\"elementor-element elementor-element-302ddce animated-slow elementor-invisible elementor-widget elementor-widget-image\" data-id=\"302ddce\" data-element_type=\"widget\" data-settings=\"{&quot;_animation&quot;:&quot;fadeIn&quot;}\" data-widget_type=\"image.default\">\n\t\t\t\t<div class=\"elementor-widget-container\">\n\t\t\t\t\t\t\t\t\t\t\t\t\t\t\t<img decoding=\"async\" width=\"520\" height=\"390\" src=\"https:\/\/gestioresponsable.coop\/wp-content\/uploads\/2022\/03\/qui-som-visio.jpg\" class=\"attachment-full size-full wp-image-699\" alt=\"\" srcset=\"https:\/\/gestioresponsable.coop\/wp-content\/uploads\/2022\/03\/qui-som-visio.jpg 520w, https:\/\/gestioresponsable.coop\/wp-content\/uploads\/2022\/03\/qui-som-visio-300x225.jpg 300w, https:\/\/gestioresponsable.coop\/wp-content\/uploads\/2022\/03\/qui-som-visio-16x12.jpg 16w\" sizes=\"(max-width: 520px) 100vw, 520px\" \/>\t\t\t\t\t\t\t\t\t\t\t\t\t\t\t<\/div>\n\t\t\t\t<\/div>\n\t\t\t\t\t<\/div>\n\t\t<\/div>\n\t\t\t\t\t<\/div>\n\t\t<\/section>\n\t\t\t\t<section class=\"elementor-section elementor-top-section elementor-element elementor-element-004df35 elementor-reverse-mobile elementor-section-boxed elementor-section-height-default elementor-section-height-default\" data-id=\"004df35\" data-element_type=\"section\">\n\t\t\t\t\t\t<div class=\"elementor-container elementor-column-gap-default\">\n\t\t\t\t\t<div class=\"elementor-column elementor-col-50 elementor-top-column elementor-element elementor-element-1927b4d\" data-id=\"1927b4d\" data-element_type=\"column\">\n\t\t\t<div class=\"elementor-widget-wrap elementor-element-populated\">\n\t\t\t\t\t\t<div class=\"elementor-element elementor-element-3279bff animated-slow elementor-invisible elementor-widget elementor-widget-image\" data-id=\"3279bff\" data-element_type=\"widget\" data-settings=\"{&quot;_animation&quot;:&quot;fadeIn&quot;}\" data-widget_type=\"image.default\">\n\t\t\t\t<div class=\"elementor-widget-container\">\n\t\t\t\t\t\t\t\t\t\t\t\t\t\t\t<img decoding=\"async\" width=\"520\" height=\"391\" src=\"https:\/\/gestioresponsable.coop\/wp-content\/uploads\/2022\/03\/qui-som-cooperacio.jpg\" class=\"attachment-full size-full wp-image-694\" alt=\"\" srcset=\"https:\/\/gestioresponsable.coop\/wp-content\/uploads\/2022\/03\/qui-som-cooperacio.jpg 520w, https:\/\/gestioresponsable.coop\/wp-content\/uploads\/2022\/03\/qui-som-cooperacio-300x226.jpg 300w, https:\/\/gestioresponsable.coop\/wp-content\/uploads\/2022\/03\/qui-som-cooperacio-16x12.jpg 16w\" sizes=\"(max-width: 520px) 100vw, 520px\" \/>\t\t\t\t\t\t\t\t\t\t\t\t\t\t\t<\/div>\n\t\t\t\t<\/div>\n\t\t\t\t\t<\/div>\n\t\t<\/div>\n\t\t\t\t<div class=\"elementor-column elementor-col-50 elementor-top-column elementor-element elementor-element-745ea60\" data-id=\"745ea60\" data-element_type=\"column\">\n\t\t\t<div class=\"elementor-widget-wrap elementor-element-populated\">\n\t\t\t\t\t\t<div class=\"elementor-element elementor-element-a1c84fa animated-fast elementor-invisible elementor-widget elementor-widget-heading\" data-id=\"a1c84fa\" data-element_type=\"widget\" data-settings=\"{&quot;_animation&quot;:&quot;fadeInUp&quot;}\" data-widget_type=\"heading.default\">\n\t\t\t\t<div class=\"elementor-widget-container\">\n\t\t\t\t\t<h2 class=\"elementor-heading-title elementor-size-default\">Cooperaci\u00f3n<\/h2>\t\t\t\t<\/div>\n\t\t\t\t<\/div>\n\t\t\t\t<div class=\"elementor-element elementor-element-d740a20 elementor-invisible elementor-widget elementor-widget-text-editor\" data-id=\"d740a20\" data-element_type=\"widget\" data-settings=\"{&quot;_animation&quot;:&quot;fadeInUp&quot;,&quot;_animation_delay&quot;:400}\" data-widget_type=\"text-editor.default\">\n\t\t\t\t<div class=\"elementor-widget-container\">\n\t\t\t\t\t\t\t\t\t<p>Pensamos que el modelo econ\u00f3mico y social predominante en la sociedad es un modelo fallido y que genera desigualdades bestiales e inalcanzables para desarrollar modelos de vida dignos. Por eso apostamos por un modelo horizontal donde todo el mundo pueda y tenga mucho que decir, donde las relaciones humanas son el eje para poder generar riqueza a todos los niveles (social, humano, econ\u00f3mico\u2026) y poder repartirla de forma equitativa y justa . No queremos la plusval\u00eda de nadie, queremos autoorganizaci\u00f3n para crear relaciones laborales y sociales justas.<\/p>\t\t\t\t\t\t\t\t<\/div>\n\t\t\t\t<\/div>\n\t\t\t\t\t<\/div>\n\t\t<\/div>\n\t\t\t\t\t<\/div>\n\t\t<\/section>\n\t\t\t\t<section class=\"elementor-section elementor-top-section elementor-element elementor-element-7031be1 elementor-section-boxed elementor-section-height-default elementor-section-height-default\" data-id=\"7031be1\" data-element_type=\"section\" data-settings=\"{&quot;background_background&quot;:&quot;classic&quot;}\">\n\t\t\t\t\t\t<div class=\"elementor-container elementor-column-gap-default\">\n\t\t\t\t\t<div class=\"elementor-column elementor-col-50 elementor-top-column elementor-element elementor-element-d65f193\" data-id=\"d65f193\" data-element_type=\"column\">\n\t\t\t<div class=\"elementor-widget-wrap elementor-element-populated\">\n\t\t\t\t\t\t<div class=\"elementor-element elementor-element-76a9eee animated-fast elementor-invisible elementor-widget elementor-widget-heading\" data-id=\"76a9eee\" data-element_type=\"widget\" data-settings=\"{&quot;_animation&quot;:&quot;fadeInUp&quot;}\" data-widget_type=\"heading.default\">\n\t\t\t\t<div class=\"elementor-widget-container\">\n\t\t\t\t\t<h2 class=\"elementor-heading-title elementor-size-default\">Pertenencia<\/h2>\t\t\t\t<\/div>\n\t\t\t\t<\/div>\n\t\t\t\t<div class=\"elementor-element elementor-element-0fd8a00 elementor-invisible elementor-widget elementor-widget-text-editor\" data-id=\"0fd8a00\" data-element_type=\"widget\" data-settings=\"{&quot;_animation&quot;:&quot;fadeInUp&quot;,&quot;_animation_delay&quot;:400}\" data-widget_type=\"text-editor.default\">\n\t\t\t\t<div class=\"elementor-widget-container\">\n\t\t\t\t\t\t\t\t\t<p>El ritmo de vida que se nos impone hoy d\u00eda, fruto del sistema capitalista, hace que deleguemos decisiones trascendentales para el desarrollo de nuestro proyecto de vida. Esto provoca que cada vez seamos m\u00e1s individuales y menos comunitarios. Pensamos que la comunidad y las redes sociales humanas son la herramienta imprescindible para poder darle la vuelta a este ritmo que nos ahoga. Queremos parar, reflexionar y buscar complicidades para enriquecer y mejorar la parte del mundo que nos ha tocado transformar.<\/p>\t\t\t\t\t\t\t\t<\/div>\n\t\t\t\t<\/div>\n\t\t\t\t\t<\/div>\n\t\t<\/div>\n\t\t\t\t<div class=\"elementor-column elementor-col-50 elementor-top-column elementor-element elementor-element-91a51cc\" data-id=\"91a51cc\" data-element_type=\"column\">\n\t\t\t<div class=\"elementor-widget-wrap elementor-element-populated\">\n\t\t\t\t\t\t<div class=\"elementor-element elementor-element-de25d47 animated-slow elementor-invisible elementor-widget elementor-widget-image\" data-id=\"de25d47\" data-element_type=\"widget\" data-settings=\"{&quot;_animation&quot;:&quot;fadeIn&quot;}\" data-widget_type=\"image.default\">\n\t\t\t\t<div class=\"elementor-widget-container\">\n\t\t\t\t\t\t\t\t\t\t\t\t\t\t\t<img loading=\"lazy\" decoding=\"async\" width=\"520\" height=\"390\" src=\"https:\/\/gestioresponsable.coop\/wp-content\/uploads\/2022\/03\/qui-som-pertinenca.jpg\" class=\"attachment-full size-full wp-image-697\" alt=\"\" srcset=\"https:\/\/gestioresponsable.coop\/wp-content\/uploads\/2022\/03\/qui-som-pertinenca.jpg 520w, https:\/\/gestioresponsable.coop\/wp-content\/uploads\/2022\/03\/qui-som-pertinenca-300x225.jpg 300w, https:\/\/gestioresponsable.coop\/wp-content\/uploads\/2022\/03\/qui-som-pertinenca-16x12.jpg 16w\" sizes=\"(max-width: 520px) 100vw, 520px\" \/>\t\t\t\t\t\t\t\t\t\t\t\t\t\t\t<\/div>\n\t\t\t\t<\/div>\n\t\t\t\t\t<\/div>\n\t\t<\/div>\n\t\t\t\t\t<\/div>\n\t\t<\/section>\n\t\t\t\t<section class=\"elementor-section elementor-top-section elementor-element elementor-element-0667663 elementor-reverse-mobile elementor-section-boxed elementor-section-height-default elementor-section-height-default\" data-id=\"0667663\" data-element_type=\"section\">\n\t\t\t\t\t\t<div class=\"elementor-container elementor-column-gap-default\">\n\t\t\t\t\t<div class=\"elementor-column elementor-col-50 elementor-top-column elementor-element elementor-element-9b191f1\" data-id=\"9b191f1\" data-element_type=\"column\">\n\t\t\t<div class=\"elementor-widget-wrap elementor-element-populated\">\n\t\t\t\t\t\t<div class=\"elementor-element elementor-element-584dc38 animated-slow elementor-invisible elementor-widget elementor-widget-image\" data-id=\"584dc38\" data-element_type=\"widget\" data-settings=\"{&quot;_animation&quot;:&quot;fadeIn&quot;}\" data-widget_type=\"image.default\">\n\t\t\t\t<div class=\"elementor-widget-container\">\n\t\t\t\t\t\t\t\t\t\t\t\t\t\t\t<img loading=\"lazy\" decoding=\"async\" width=\"520\" height=\"391\" src=\"https:\/\/gestioresponsable.coop\/wp-content\/uploads\/2022\/03\/qui-som-responsabilitat-mediambiental.jpg\" class=\"attachment-full size-full wp-image-698\" alt=\"\" srcset=\"https:\/\/gestioresponsable.coop\/wp-content\/uploads\/2022\/03\/qui-som-responsabilitat-mediambiental.jpg 520w, https:\/\/gestioresponsable.coop\/wp-content\/uploads\/2022\/03\/qui-som-responsabilitat-mediambiental-300x226.jpg 300w, https:\/\/gestioresponsable.coop\/wp-content\/uploads\/2022\/03\/qui-som-responsabilitat-mediambiental-16x12.jpg 16w\" sizes=\"(max-width: 520px) 100vw, 520px\" \/>\t\t\t\t\t\t\t\t\t\t\t\t\t\t\t<\/div>\n\t\t\t\t<\/div>\n\t\t\t\t\t<\/div>\n\t\t<\/div>\n\t\t\t\t<div class=\"elementor-column elementor-col-50 elementor-top-column elementor-element elementor-element-8effac9\" data-id=\"8effac9\" data-element_type=\"column\">\n\t\t\t<div class=\"elementor-widget-wrap elementor-element-populated\">\n\t\t\t\t\t\t<div class=\"elementor-element elementor-element-98340e9 animated-fast elementor-invisible elementor-widget elementor-widget-heading\" data-id=\"98340e9\" data-element_type=\"widget\" data-settings=\"{&quot;_animation&quot;:&quot;fadeInUp&quot;}\" data-widget_type=\"heading.default\">\n\t\t\t\t<div class=\"elementor-widget-container\">\n\t\t\t\t\t<h2 class=\"elementor-heading-title elementor-size-default\">Responsabilidad medioambiental<\/h2>\t\t\t\t<\/div>\n\t\t\t\t<\/div>\n\t\t\t\t<div class=\"elementor-element elementor-element-488322b elementor-invisible elementor-widget elementor-widget-text-editor\" data-id=\"488322b\" data-element_type=\"widget\" data-settings=\"{&quot;_animation&quot;:&quot;fadeInUp&quot;,&quot;_animation_delay&quot;:400}\" data-widget_type=\"text-editor.default\">\n\t\t\t\t<div class=\"elementor-widget-container\">\n\t\t\t\t\t\t\t\t\t<p>Apostamos por una gesti\u00f3n comprometida con la conservaci\u00f3n del medio ambiente, reduciendo a todos los niveles para generar el menor impacto posible en el planeta. No hay retorno, pero debemos conseguir desacelerar al m\u00e1ximo el nivel de contaminaci\u00f3n y explotaci\u00f3n para tener un futuro digno.<\/p>\t\t\t\t\t\t\t\t<\/div>\n\t\t\t\t<\/div>\n\t\t\t\t\t<\/div>\n\t\t<\/div>\n\t\t\t\t\t<\/div>\n\t\t<\/section>\n\t\t\t\t<section class=\"elementor-section elementor-top-section elementor-element elementor-element-cbad266 elementor-section-content-middle elementor-section-boxed elementor-section-height-default elementor-section-height-default\" data-id=\"cbad266\" data-element_type=\"section\" data-settings=\"{&quot;background_background&quot;:&quot;classic&quot;}\">\n\t\t\t\t\t\t<div class=\"elementor-container elementor-column-gap-default\">\n\t\t\t\t\t<div class=\"elementor-column elementor-col-50 elementor-top-column elementor-element elementor-element-df86a9f\" data-id=\"df86a9f\" data-element_type=\"column\">\n\t\t\t<div class=\"elementor-widget-wrap elementor-element-populated\">\n\t\t\t\t\t\t<div class=\"elementor-element elementor-element-dee2d19 elementor-widget elementor-widget-global elementor-global-434 elementor-widget-heading\" data-id=\"dee2d19\" data-element_type=\"widget\" data-widget_type=\"heading.default\">\n\t\t\t\t<div class=\"elementor-widget-container\">\n\t\t\t\t\t<div class=\"elementor-heading-title elementor-size-default\">Contacta con nosotros<\/div>\t\t\t\t<\/div>\n\t\t\t\t<\/div>\n\t\t\t\t\t<\/div>\n\t\t<\/div>\n\t\t\t\t<div class=\"elementor-column elementor-col-50 elementor-top-column elementor-element elementor-element-11459c2\" data-id=\"11459c2\" data-element_type=\"column\">\n\t\t\t<div class=\"elementor-widget-wrap elementor-element-populated\">\n\t\t\t\t\t\t<div class=\"elementor-element elementor-element-0b73718 elementor-align-right elementor-mobile-align-center elementor-widget elementor-widget-global elementor-global-437 elementor-widget-button\" data-id=\"0b73718\" data-element_type=\"widget\" data-widget_type=\"button.default\">\n\t\t\t\t<div class=\"elementor-widget-container\">\n\t\t\t\t\t\t\t\t\t<div class=\"elementor-button-wrapper\">\n\t\t\t\t\t<a class=\"elementor-button elementor-button-link elementor-size-xl\" href=\"https:\/\/gestioresponsable.coop\/es\/contacte\/\">\n\t\t\t\t\t\t<span class=\"elementor-button-content-wrapper\">\n\t\t\t\t\t\t<span class=\"elementor-button-icon\">\n\t\t\t\t<i aria-hidden=\"true\" class=\"fas fa-arrow-right\"><\/i>\t\t\t<\/span>\n\t\t\t\t\t\t\t\t\t<span class=\"elementor-button-text\">Contactar ahora&nbsp;<\/span>\n\t\t\t\t\t<\/span>\n\t\t\t\t\t<\/a>\n\t\t\t\t<\/div>\n\t\t\t\t\t\t\t\t<\/div>\n\t\t\t\t<\/div>\n\t\t\t\t\t<\/div>\n\t\t<\/div>\n\t\t\t\t\t<\/div>\n\t\t<\/section>\n\t\t\t\t<\/div>","protected":false},"excerpt":{"rendered":"<p>Missi\u00f3, visi\u00f3 i valors Missi\u00f3 La Gesti\u00f3 Responsable neix l\u2019any 2014 amb una vocaci\u00f3 clara d&#8217;oferir serveis professional des de l\u2019Economia Social i Solid\u00e0ria i amb la finalitat que aquests serveis siguin accessibles a tothom independentment de la situaci\u00f3 personal. L\u2019objectiu \u00e9s oferir els nostres serveis amb valors afegits com la solidaritat, igualtat i honestedat. &#8230; <a title=\"Qui\u00e9nes somos\" class=\"read-more\" href=\"https:\/\/gestioresponsable.coop\/es\/qui-som\" aria-label=\"M\u00e1s en Qui som\">Leer m\u00e1s<\/a><\/p>","protected":false},"author":1,"featured_media":0,"parent":0,"menu_order":0,"comment_status":"closed","ping_status":"closed","template":"elementor_header_footer","meta":{"footnotes":""},"class_list":["post-316","page","type-page","status-publish"],"_links":{"self":[{"href":"https:\/\/gestioresponsable.coop\/es\/wp-json\/wp\/v2\/pages\/316","targetHints":{"allow":["GET"]}}],"collection":[{"href":"https:\/\/gestioresponsable.coop\/es\/wp-json\/wp\/v2\/pages"}],"about":[{"href":"https:\/\/gestioresponsable.coop\/es\/wp-json\/wp\/v2\/types\/page"}],"author":[{"embeddable":true,"href":"https:\/\/gestioresponsable.coop\/es\/wp-json\/wp\/v2\/users\/1"}],"replies":[{"embeddable":true,"href":"https:\/\/gestioresponsable.coop\/es\/wp-json\/wp\/v2\/comments?post=316"}],"version-history":[{"count":10,"href":"https:\/\/gestioresponsable.coop\/es\/wp-json\/wp\/v2\/pages\/316\/revisions"}],"predecessor-version":[{"id":806,"href":"https:\/\/gestioresponsable.coop\/es\/wp-json\/wp\/v2\/pages\/316\/revisions\/806"}],"wp:attachment":[{"href":"https:\/\/gestioresponsable.coop\/es\/wp-json\/wp\/v2\/media?parent=316"}],"curies":[{"name":"wp","href":"https:\/\/api.w.org\/{rel}","templated":true}]}}